{"id":3284,"date":"2024-12-16T12:37:59","date_gmt":"2024-12-16T12:37:59","guid":{"rendered":"https:\/\/natuzzi.hr\/editions\/?page_id=3284"},"modified":"2025-02-14T11:08:19","modified_gmt":"2025-02-14T11:08:19","slug":"upoznajte-natuzzi","status":"publish","type":"page","link":"https:\/\/natuzzi.hr\/editions\/upoznajte-natuzzi\/","title":{"rendered":"Upoznajte Natuzzi"},"content":{"rendered":"<div class=\"fusion-fullwidth fullwidth-box fusion-builder-row-1 fusion-flex-container has-pattern-background has-mask-background na-500-pink-bg-container nonhundred-percent-fullwidth non-hundred-percent-height-scrolling\" style=\"--awb-border-radius-top-left:0px;--awb-border-radius-top-right:0px;--awb-border-radius-bottom-right:0px;--awb-border-radius-bottom-left:0px;--awb-padding-top:180px;--awb-padding-top-small:60px;--awb-flex-wrap:wrap;\" ><div class=\"fusion-builder-row fusion-row fusion-flex-align-items-flex-start fusion-flex-justify-content-center fusion-flex-content-wrap\" style=\"max-width:1788.8px;margin-left: calc(-4% \/ 2 );margin-right: calc(-4% \/ 2 );\"><div class=\"fusion-layout-column fusion_builder_column fusion-builder-column-0 fusion-flex-column\" style=\"--awb-bg-size:cover;--awb-width-large:800px;--awb-margin-top-large:0px;--awb-spacing-right-large:2%;--awb-margin-bottom-large:20px;--awb-spacing-left-large:2%;--awb-width-medium:800px;--awb-order-medium:0;--awb-spacing-right-medium:2%;--awb-spacing-left-medium:2%;--awb-width-small:100%;--awb-order-small:0;--awb-spacing-right-small:1.92%;--awb-spacing-left-small:1.92%;\" data-scroll-devices=\"small-visibility,medium-visibility,large-visibility\"><div class=\"fusion-column-wrapper fusion-column-has-shadow fusion-flex-justify-content-flex-start fusion-content-layout-column\"><div class=\"fusion-title title fusion-title-1 fusion-sep-none fusion-title-text fusion-title-size-one\"><h1 class=\"fusion-title-heading title-heading-left\" style=\"margin:0;\">Upoznajte Natuzzi<\/h1><\/div><div class=\"fusion-text fusion-text-1\"><p>The core of Natuzzi Editions is you! Najva\u017eniji za Natuzzi Editions ste vi!<\/p>\n<\/div><div class=\"fusion-image-element \" style=\"--awb-margin-bottom:30px;--awb-caption-title-font-family:var(--h2_typography-font-family);--awb-caption-title-font-weight:var(--h2_typography-font-weight);--awb-caption-title-font-style:var(--h2_typography-font-style);--awb-caption-title-size:var(--h2_typography-font-size);--awb-caption-title-transform:var(--h2_typography-text-transform);--awb-caption-title-line-height:var(--h2_typography-line-height);--awb-caption-title-letter-spacing:var(--h2_typography-letter-spacing);\"><span class=\" fusion-imageframe imageframe-none imageframe-1 hover-type-none\"><img decoding=\"async\" width=\"781\" height=\"659\" title=\"Mask group (46)\" src=\"https:\/\/natuzzi.hr\/editions\/wp-content\/uploads\/2024\/12\/Mask-group-46.jpg\" alt class=\"img-responsive wp-image-3289\" srcset=\"https:\/\/natuzzi.hr\/editions\/wp-content\/uploads\/2024\/12\/Mask-group-46-200x169.jpg 200w, https:\/\/natuzzi.hr\/editions\/wp-content\/uploads\/2024\/12\/Mask-group-46-400x338.jpg 400w, https:\/\/natuzzi.hr\/editions\/wp-content\/uploads\/2024\/12\/Mask-group-46-600x506.jpg 600w, https:\/\/natuzzi.hr\/editions\/wp-content\/uploads\/2024\/12\/Mask-group-46.jpg 781w\" sizes=\"(max-width: 640px) 100vw, 781px\" \/><\/span><\/div><div class=\"fusion-text fusion-text-2\" style=\"--awb-content-alignment:right;--awb-text-font-family:&quot;Lato&quot;;--awb-text-font-style:normal;--awb-text-font-weight:700;\"><p>Pasquale Natuzzi<br \/>\nDizajner i direktor grupe Natuzzi<\/p>\n<\/div><div class=\"fusion-image-element \" style=\"text-align:right;--awb-margin-bottom:30px;--awb-caption-title-font-family:var(--h2_typography-font-family);--awb-caption-title-font-weight:var(--h2_typography-font-weight);--awb-caption-title-font-style:var(--h2_typography-font-style);--awb-caption-title-size:var(--h2_typography-font-size);--awb-caption-title-transform:var(--h2_typography-text-transform);--awb-caption-title-line-height:var(--h2_typography-line-height);--awb-caption-title-letter-spacing:var(--h2_typography-letter-spacing);\"><span class=\" fusion-imageframe imageframe-none imageframe-2 hover-type-none\"><img decoding=\"async\" width=\"277\" height=\"5\" title=\"crte\" src=\"https:\/\/natuzzi.hr\/editions\/wp-content\/uploads\/2024\/12\/crte.jpg\" alt class=\"img-responsive wp-image-3293\" srcset=\"https:\/\/natuzzi.hr\/editions\/wp-content\/uploads\/2024\/12\/crte-200x4.jpg 200w, https:\/\/natuzzi.hr\/editions\/wp-content\/uploads\/2024\/12\/crte.jpg 277w\" sizes=\"(max-width: 640px) 100vw, 277px\" \/><\/span><\/div><div class=\"fusion-title title fusion-title-2 fusion-sep-none fusion-title-text fusion-title-size-three\"><h3 class=\"fusion-title-heading title-heading-left\" style=\"margin:0;\">O nama<\/h3><\/div><div class=\"fusion-text fusion-text-3\"><p>Nastojimo Vam ponuditi udobne sjede\u0107e garniture najnovijih modnih trendova i dizajna. U raznolikoj ponudi prona\u0107i \u0107ete odgovaraju\u0107i proizvod po svom ukusu i za va\u0161 stil \u017eivota. Sjede\u0107e garniture Natuzzi Editions smo dizajnirali s mislima na Vas &#8211; stilom one su klasi\u010dne, moderne, sportske, modularne i dinami\u010dne. Tko ne bi po\u017eelio kupiti komad namje\u0161taja, koji je vrijedan svog imena. Iz godine u godinu grupacija Natuzzi je sinonim\u00a0udobnosti, ljepote, dizajna i poznata je po predanosti prema korisnicima svojih proizvoda i prema svojim partnerima. Gosp. Pasquale Natuzzi, glavni dizajner Natuzzi Grupe, postao je 2008. godine \u010dlan udru\u017eenja &#8220;American Furniture Hall of Fame&#8221;. Pasquale Natuzzi je prvi ne-ameri\u010dki dizajner koji je primio presti\u017enu nagradu &#8220;Effie&#8221;.<\/p>\n<\/div><\/div><\/div><\/div><\/div>\n","protected":false},"excerpt":{"rendered":"","protected":false},"author":2,"featured_media":0,"parent":0,"menu_order":0,"comment_status":"closed","ping_status":"closed","template":"100-width.php","meta":{"_acf_changed":false,"footnotes":""},"class_list":["post-3284","page","type-page","status-publish","hentry"],"acf":[],"yoast_head":"<!-- This site is optimized with the Yoast SEO plugin v24.6 - https:\/\/yoast.com\/wordpress\/plugins\/seo\/ -->\n<title>Upoznajte Natuzzi - Natuzzi<\/title>\n<meta name=\"robots\" content=\"index, follow, max-snippet:-1, max-image-preview:large, max-video-preview:-1\" \/>\n<link rel=\"canonical\" href=\"https:\/\/natuzzi.hr\/editions\/upoznajte-natuzzi\/\" \/>\n<meta property=\"og:locale\" content=\"hr_HR\" \/>\n<meta property=\"og:type\" content=\"article\" \/>\n<meta property=\"og:title\" content=\"Upoznajte Natuzzi - Natuzzi\" \/>\n<meta property=\"og:url\" content=\"https:\/\/natuzzi.hr\/editions\/upoznajte-natuzzi\/\" \/>\n<meta property=\"og:site_name\" content=\"Natuzzi\" \/>\n<meta property=\"article:modified_time\" content=\"2025-02-14T11:08:19+00:00\" \/>\n<meta name=\"twitter:card\" content=\"summary_large_image\" \/>\n<meta name=\"twitter:label1\" content=\"Procijenjeno vrijeme \u010ditanja\" \/>\n\t<meta name=\"twitter:data1\" content=\"6 minuta\" \/>\n<script type=\"application\/ld+json\" class=\"yoast-schema-graph\">{\"@context\":\"https:\/\/schema.org\",\"@graph\":[{\"@type\":\"WebPage\",\"@id\":\"https:\/\/natuzzi.hr\/editions\/upoznajte-natuzzi\/\",\"url\":\"https:\/\/natuzzi.hr\/editions\/upoznajte-natuzzi\/\",\"name\":\"Upoznajte Natuzzi - Natuzzi\",\"isPartOf\":{\"@id\":\"https:\/\/natuzzi.hr\/editions\/#website\"},\"datePublished\":\"2024-12-16T12:37:59+00:00\",\"dateModified\":\"2025-02-14T11:08:19+00:00\",\"breadcrumb\":{\"@id\":\"https:\/\/natuzzi.hr\/editions\/upoznajte-natuzzi\/#breadcrumb\"},\"inLanguage\":\"hr\",\"potentialAction\":[{\"@type\":\"ReadAction\",\"target\":[\"https:\/\/natuzzi.hr\/editions\/upoznajte-natuzzi\/\"]}]},{\"@type\":\"BreadcrumbList\",\"@id\":\"https:\/\/natuzzi.hr\/editions\/upoznajte-natuzzi\/#breadcrumb\",\"itemListElement\":[{\"@type\":\"ListItem\",\"position\":1,\"name\":\"Po\u010detna stranica\",\"item\":\"https:\/\/natuzzi.hr\/editions\/\"},{\"@type\":\"ListItem\",\"position\":2,\"name\":\"Upoznajte Natuzzi\"}]},{\"@type\":\"WebSite\",\"@id\":\"https:\/\/natuzzi.hr\/editions\/#website\",\"url\":\"https:\/\/natuzzi.hr\/editions\/\",\"name\":\"Natuzzi Editions\",\"description\":\"\",\"potentialAction\":[{\"@type\":\"SearchAction\",\"target\":{\"@type\":\"EntryPoint\",\"urlTemplate\":\"https:\/\/natuzzi.hr\/editions\/?s={search_term_string}\"},\"query-input\":{\"@type\":\"PropertyValueSpecification\",\"valueRequired\":true,\"valueName\":\"search_term_string\"}}],\"inLanguage\":\"hr\"}]}<\/script>\n<!-- \/ Yoast SEO plugin. -->","yoast_head_json":{"title":"Upoznajte Natuzzi - Natuzzi","robots":{"index":"index","follow":"follow","max-snippet":"max-snippet:-1","max-image-preview":"max-image-preview:large","max-video-preview":"max-video-preview:-1"},"canonical":"https:\/\/natuzzi.hr\/editions\/upoznajte-natuzzi\/","og_locale":"hr_HR","og_type":"article","og_title":"Upoznajte Natuzzi - Natuzzi","og_url":"https:\/\/natuzzi.hr\/editions\/upoznajte-natuzzi\/","og_site_name":"Natuzzi","article_modified_time":"2025-02-14T11:08:19+00:00","twitter_card":"summary_large_image","twitter_misc":{"Procijenjeno vrijeme \u010ditanja":"6 minuta"},"schema":{"@context":"https:\/\/schema.org","@graph":[{"@type":"WebPage","@id":"https:\/\/natuzzi.hr\/editions\/upoznajte-natuzzi\/","url":"https:\/\/natuzzi.hr\/editions\/upoznajte-natuzzi\/","name":"Upoznajte Natuzzi - Natuzzi","isPartOf":{"@id":"https:\/\/natuzzi.hr\/editions\/#website"},"datePublished":"2024-12-16T12:37:59+00:00","dateModified":"2025-02-14T11:08:19+00:00","breadcrumb":{"@id":"https:\/\/natuzzi.hr\/editions\/upoznajte-natuzzi\/#breadcrumb"},"inLanguage":"hr","potentialAction":[{"@type":"ReadAction","target":["https:\/\/natuzzi.hr\/editions\/upoznajte-natuzzi\/"]}]},{"@type":"BreadcrumbList","@id":"https:\/\/natuzzi.hr\/editions\/upoznajte-natuzzi\/#breadcrumb","itemListElement":[{"@type":"ListItem","position":1,"name":"Po\u010detna stranica","item":"https:\/\/natuzzi.hr\/editions\/"},{"@type":"ListItem","position":2,"name":"Upoznajte Natuzzi"}]},{"@type":"WebSite","@id":"https:\/\/natuzzi.hr\/editions\/#website","url":"https:\/\/natuzzi.hr\/editions\/","name":"Natuzzi Editions","description":"","potentialAction":[{"@type":"SearchAction","target":{"@type":"EntryPoint","urlTemplate":"https:\/\/natuzzi.hr\/editions\/?s={search_term_string}"},"query-input":{"@type":"PropertyValueSpecification","valueRequired":true,"valueName":"search_term_string"}}],"inLanguage":"hr"}]}},"_links":{"self":[{"href":"https:\/\/natuzzi.hr\/editions\/wp-json\/wp\/v2\/pages\/3284","targetHints":{"allow":["GET"]}}],"collection":[{"href":"https:\/\/natuzzi.hr\/editions\/wp-json\/wp\/v2\/pages"}],"about":[{"href":"https:\/\/natuzzi.hr\/editions\/wp-json\/wp\/v2\/types\/page"}],"author":[{"embeddable":true,"href":"https:\/\/natuzzi.hr\/editions\/wp-json\/wp\/v2\/users\/2"}],"replies":[{"embeddable":true,"href":"https:\/\/natuzzi.hr\/editions\/wp-json\/wp\/v2\/comments?post=3284"}],"version-history":[{"count":10,"href":"https:\/\/natuzzi.hr\/editions\/wp-json\/wp\/v2\/pages\/3284\/revisions"}],"predecessor-version":[{"id":6061,"href":"https:\/\/natuzzi.hr\/editions\/wp-json\/wp\/v2\/pages\/3284\/revisions\/6061"}],"wp:attachment":[{"href":"https:\/\/natuzzi.hr\/editions\/wp-json\/wp\/v2\/media?parent=3284"}],"curies":[{"name":"wp","href":"https:\/\/api.w.org\/{rel}","templated":true}]}}