{"id":3310,"date":"2024-12-16T13:04:33","date_gmt":"2024-12-16T13:04:33","guid":{"rendered":"https:\/\/natuzzi.hr\/editions\/?page_id=3310"},"modified":"2025-02-14T11:09:54","modified_gmt":"2025-02-14T11:09:54","slug":"briga-i-odrzavanje-proizvoda","status":"publish","type":"page","link":"https:\/\/natuzzi.hr\/editions\/briga-i-odrzavanje-proizvoda\/","title":{"rendered":"Briga i odr\u017eavanje proizvoda"},"content":{"rendered":"<div class=\"fusion-fullwidth fullwidth-box fusion-builder-row-1 fusion-flex-container has-pattern-background has-mask-background na-500-pink-bg-container nonhundred-percent-fullwidth non-hundred-percent-height-scrolling\" style=\"--awb-border-radius-top-left:0px;--awb-border-radius-top-right:0px;--awb-border-radius-bottom-right:0px;--awb-border-radius-bottom-left:0px;--awb-padding-top:180px;--awb-padding-top-small:60px;--awb-flex-wrap:wrap;\" ><div class=\"fusion-builder-row fusion-row fusion-flex-align-items-flex-start fusion-flex-justify-content-center fusion-flex-content-wrap\" style=\"max-width:1788.8px;margin-left: calc(-4% \/ 2 );margin-right: calc(-4% \/ 2 );\"><div class=\"fusion-layout-column fusion_builder_column fusion-builder-column-0 fusion-flex-column\" style=\"--awb-bg-size:cover;--awb-width-large:800px;--awb-margin-top-large:0px;--awb-spacing-right-large:2%;--awb-margin-bottom-large:20px;--awb-spacing-left-large:2%;--awb-width-medium:800px;--awb-order-medium:0;--awb-spacing-right-medium:2%;--awb-spacing-left-medium:2%;--awb-width-small:100%;--awb-order-small:0;--awb-spacing-right-small:1.92%;--awb-spacing-left-small:1.92%;\" data-scroll-devices=\"small-visibility,medium-visibility,large-visibility\"><div class=\"fusion-column-wrapper fusion-column-has-shadow fusion-flex-justify-content-flex-start fusion-content-layout-column\"><div class=\"fusion-title title fusion-title-1 fusion-sep-none fusion-title-text fusion-title-size-one\"><h1 class=\"fusion-title-heading title-heading-left\" style=\"margin:0;\">Briga i odr\u017eavanje proizvoda<\/h1><\/div><div class=\"fusion-text fusion-text-1\"><p>Misija Grupe Natuzzi ne zavr\u0161ava prodajom vrhunskih sjede\u0107ih garnitura, namje\u0161taja i ostale opreme za dom. Za nas je va\u017eno da Natuzzi proizvodi dugo ostanu lijepi i kvalitetni, te da su dugog vijeka trajanja. Kupci zadovoljni sa kupljenim\u00a0proizvodom su na\u0161 glavni pokreta\u010d.<\/p>\n<\/div><div class=\"fusion-image-element \" style=\"--awb-margin-bottom:30px;--awb-caption-title-font-family:var(--h2_typography-font-family);--awb-caption-title-font-weight:var(--h2_typography-font-weight);--awb-caption-title-font-style:var(--h2_typography-font-style);--awb-caption-title-size:var(--h2_typography-font-size);--awb-caption-title-transform:var(--h2_typography-text-transform);--awb-caption-title-line-height:var(--h2_typography-line-height);--awb-caption-title-letter-spacing:var(--h2_typography-letter-spacing);\"><span class=\" fusion-imageframe imageframe-none imageframe-1 hover-type-none\"><img decoding=\"async\" width=\"781\" height=\"474\" title=\"Mask group (49)\" src=\"https:\/\/natuzzi.hr\/editions\/wp-content\/uploads\/2024\/12\/Mask-group-49.jpg\" alt class=\"img-responsive wp-image-3311\" srcset=\"https:\/\/natuzzi.hr\/editions\/wp-content\/uploads\/2024\/12\/Mask-group-49-200x121.jpg 200w, https:\/\/natuzzi.hr\/editions\/wp-content\/uploads\/2024\/12\/Mask-group-49-400x243.jpg 400w, https:\/\/natuzzi.hr\/editions\/wp-content\/uploads\/2024\/12\/Mask-group-49-600x364.jpg 600w, https:\/\/natuzzi.hr\/editions\/wp-content\/uploads\/2024\/12\/Mask-group-49.jpg 781w\" sizes=\"(max-width: 640px) 100vw, 781px\" \/><\/span><\/div><div class=\"fusion-title title fusion-title-2 fusion-sep-none fusion-title-text fusion-title-size-three\"><h3 class=\"fusion-title-heading title-heading-left\" style=\"margin:0;\">Kako sa\u010duvati svoj proizvod<\/h3><\/div><div class=\"fusion-title title fusion-title-3 fusion-sep-none fusion-title-text fusion-title-size-four\"><h4 class=\"fusion-title-heading title-heading-left\" style=\"margin:0;\">Sadr\u017eaj<\/h4><\/div><div class=\"fusion-text fusion-text-2\"><p><strong><a href=\"#ko\u017ea\">1.<u> Ko\u017ea<\/u><\/a><\/strong><br \/>\n<strong><a href=\"#tkanine\">2.<u> Tkanine<\/u><\/a><\/strong><br \/>\n<strong><a href=\"#Metalidrvo\">3.<u> Metal i drvo<\/u><\/a><\/strong><br \/>\n<strong><a href=\"#Kamenmramorstaklo\">4.<u> Kamen, mramor, staklo<\/u><\/a><\/strong><\/p>\n<\/div><div class=\"fusion-image-element \" style=\"--awb-margin-bottom:20px;--awb-caption-title-font-family:var(--h2_typography-font-family);--awb-caption-title-font-weight:var(--h2_typography-font-weight);--awb-caption-title-font-style:var(--h2_typography-font-style);--awb-caption-title-size:var(--h2_typography-font-size);--awb-caption-title-transform:var(--h2_typography-text-transform);--awb-caption-title-line-height:var(--h2_typography-line-height);--awb-caption-title-letter-spacing:var(--h2_typography-letter-spacing);\"><span class=\" fusion-imageframe imageframe-none imageframe-2 hover-type-none\"><img decoding=\"async\" width=\"780\" height=\"4\" title=\"crte (1)\" src=\"https:\/\/natuzzi.hr\/editions\/wp-content\/uploads\/2024\/12\/crte-1.jpg\" alt class=\"img-responsive wp-image-3300\" srcset=\"https:\/\/natuzzi.hr\/editions\/wp-content\/uploads\/2024\/12\/crte-1-200x1.jpg 200w, https:\/\/natuzzi.hr\/editions\/wp-content\/uploads\/2024\/12\/crte-1-400x2.jpg 400w, https:\/\/natuzzi.hr\/editions\/wp-content\/uploads\/2024\/12\/crte-1-600x3.jpg 600w, https:\/\/natuzzi.hr\/editions\/wp-content\/uploads\/2024\/12\/crte-1.jpg 780w\" sizes=\"(max-width: 640px) 100vw, 780px\" \/><\/span><\/div><div class=\"fusion-title title fusion-title-4 fusion-sep-none fusion-title-text fusion-title-size-four\" id=\"ko\u017ea\"><h4 class=\"fusion-title-heading title-heading-left\" style=\"margin:0;\">Ko\u017ea<\/h4><\/div><div class=\"fusion-text fusion-text-3\"><p>Povremeno obri\u0161ite pra\u0161inu \u010distom, suhom i glatkom bijelom tkaninom. Za mrlje od bezalkoholnih pi\u0107a, kave, \u010daja, mlijeka, \u010dokolade, ulja, masti, kozmetike; odmah uklonite mrlju s podloge tapkanjem upijaju\u0107om krpom ili papirom i po potrebi koristite meku mokru krpu. Zatim upotrijebite posebno sredstvo za \u010di\u0161\u0107enje Natuzzi.<br \/>Ne su\u0161ite ko\u017eu na izravnoj sun\u010devoj svjetlosti ili sa su\u0161ilom za kosu.<\/p>\n<\/div><div class=\"fusion-image-element \" style=\"--awb-margin-bottom:20px;--awb-caption-title-font-family:var(--h2_typography-font-family);--awb-caption-title-font-weight:var(--h2_typography-font-weight);--awb-caption-title-font-style:var(--h2_typography-font-style);--awb-caption-title-size:var(--h2_typography-font-size);--awb-caption-title-transform:var(--h2_typography-text-transform);--awb-caption-title-line-height:var(--h2_typography-line-height);--awb-caption-title-letter-spacing:var(--h2_typography-letter-spacing);\"><span class=\" fusion-imageframe imageframe-none imageframe-3 hover-type-none\"><img decoding=\"async\" width=\"780\" height=\"4\" title=\"crte (1)\" src=\"https:\/\/natuzzi.hr\/editions\/wp-content\/uploads\/2024\/12\/crte-1.jpg\" alt class=\"img-responsive wp-image-3300\" srcset=\"https:\/\/natuzzi.hr\/editions\/wp-content\/uploads\/2024\/12\/crte-1-200x1.jpg 200w, https:\/\/natuzzi.hr\/editions\/wp-content\/uploads\/2024\/12\/crte-1-400x2.jpg 400w, https:\/\/natuzzi.hr\/editions\/wp-content\/uploads\/2024\/12\/crte-1-600x3.jpg 600w, https:\/\/natuzzi.hr\/editions\/wp-content\/uploads\/2024\/12\/crte-1.jpg 780w\" sizes=\"(max-width: 640px) 100vw, 780px\" \/><\/span><\/div><div class=\"fusion-title title fusion-title-5 fusion-sep-none fusion-title-text fusion-title-size-four\" id=\"tkanine\"><h4 class=\"fusion-title-heading title-heading-left\" style=\"margin:0;\">Tkanine<\/h4><\/div><div class=\"fusion-text fusion-text-4\"><p>Uklonite teku\u0107ine upijaju\u0107im papirom ili suhom krpom bez pritiska na tkaninu. Ako mrlja prodre u tkaninu, nje\u017eno trljajte vla\u017enom spu\u017evom i po potrebi neutralnom sapunom, ispiranjem s puno tople vode i \u010diste spu\u017eve.<br \/>\nPreporu\u010dujemo provo\u0111enje testa na skrivenom dio sofe kako biste bili sigurni da neutralni sapun ne mijenja boju ili strukturu tkanine.<\/p>\n<\/div><div class=\"fusion-image-element \" style=\"--awb-margin-bottom:20px;--awb-caption-title-font-family:var(--h2_typography-font-family);--awb-caption-title-font-weight:var(--h2_typography-font-weight);--awb-caption-title-font-style:var(--h2_typography-font-style);--awb-caption-title-size:var(--h2_typography-font-size);--awb-caption-title-transform:var(--h2_typography-text-transform);--awb-caption-title-line-height:var(--h2_typography-line-height);--awb-caption-title-letter-spacing:var(--h2_typography-letter-spacing);\"><span class=\" fusion-imageframe imageframe-none imageframe-4 hover-type-none\"><img decoding=\"async\" width=\"780\" height=\"4\" title=\"crte (1)\" src=\"https:\/\/natuzzi.hr\/editions\/wp-content\/uploads\/2024\/12\/crte-1.jpg\" alt class=\"img-responsive wp-image-3300\" srcset=\"https:\/\/natuzzi.hr\/editions\/wp-content\/uploads\/2024\/12\/crte-1-200x1.jpg 200w, https:\/\/natuzzi.hr\/editions\/wp-content\/uploads\/2024\/12\/crte-1-400x2.jpg 400w, https:\/\/natuzzi.hr\/editions\/wp-content\/uploads\/2024\/12\/crte-1-600x3.jpg 600w, https:\/\/natuzzi.hr\/editions\/wp-content\/uploads\/2024\/12\/crte-1.jpg 780w\" sizes=\"(max-width: 640px) 100vw, 780px\" \/><\/span><\/div><div class=\"fusion-title title fusion-title-6 fusion-sep-none fusion-title-text fusion-title-size-four\" id=\"Metalidrvo\"><h4 class=\"fusion-title-heading title-heading-left\" style=\"margin:0;\">Metal i drvo<\/h4><\/div><div class=\"fusion-text fusion-text-5\"><p>Povremeno obri\u0161ite pra\u0161inu \u010distom, suhom i glatkom bijelom tkaninom.<\/p>\n<\/div><div class=\"fusion-image-element \" style=\"--awb-margin-bottom:20px;--awb-caption-title-font-family:var(--h2_typography-font-family);--awb-caption-title-font-weight:var(--h2_typography-font-weight);--awb-caption-title-font-style:var(--h2_typography-font-style);--awb-caption-title-size:var(--h2_typography-font-size);--awb-caption-title-transform:var(--h2_typography-text-transform);--awb-caption-title-line-height:var(--h2_typography-line-height);--awb-caption-title-letter-spacing:var(--h2_typography-letter-spacing);\"><span class=\" fusion-imageframe imageframe-none imageframe-5 hover-type-none\"><img decoding=\"async\" width=\"780\" height=\"4\" title=\"crte (1)\" src=\"https:\/\/natuzzi.hr\/editions\/wp-content\/uploads\/2024\/12\/crte-1.jpg\" alt class=\"img-responsive wp-image-3300\" srcset=\"https:\/\/natuzzi.hr\/editions\/wp-content\/uploads\/2024\/12\/crte-1-200x1.jpg 200w, https:\/\/natuzzi.hr\/editions\/wp-content\/uploads\/2024\/12\/crte-1-400x2.jpg 400w, https:\/\/natuzzi.hr\/editions\/wp-content\/uploads\/2024\/12\/crte-1-600x3.jpg 600w, https:\/\/natuzzi.hr\/editions\/wp-content\/uploads\/2024\/12\/crte-1.jpg 780w\" sizes=\"(max-width: 640px) 100vw, 780px\" \/><\/span><\/div><div class=\"fusion-title title fusion-title-7 fusion-sep-none fusion-title-text fusion-title-size-four\" id=\"Kamenmramorstaklo\"><h4 class=\"fusion-title-heading title-heading-left\" style=\"margin:0;\">Kamen, mramor, staklo<\/h4><\/div><div class=\"fusion-text fusion-text-6\"><p>Povremeno obri\u0161ite pra\u0161inu \u010distom, suhom i glatkom bijelom tkaninom.<\/p>\n<\/div><div class=\"fusion-image-element \" style=\"--awb-margin-bottom:20px;--awb-caption-title-font-family:var(--h2_typography-font-family);--awb-caption-title-font-weight:var(--h2_typography-font-weight);--awb-caption-title-font-style:var(--h2_typography-font-style);--awb-caption-title-size:var(--h2_typography-font-size);--awb-caption-title-transform:var(--h2_typography-text-transform);--awb-caption-title-line-height:var(--h2_typography-line-height);--awb-caption-title-letter-spacing:var(--h2_typography-letter-spacing);\"><span class=\" fusion-imageframe imageframe-none imageframe-6 hover-type-none\"><img decoding=\"async\" width=\"780\" height=\"4\" title=\"crte (1)\" src=\"https:\/\/natuzzi.hr\/editions\/wp-content\/uploads\/2024\/12\/crte-1.jpg\" alt class=\"img-responsive wp-image-3300\" srcset=\"https:\/\/natuzzi.hr\/editions\/wp-content\/uploads\/2024\/12\/crte-1-200x1.jpg 200w, https:\/\/natuzzi.hr\/editions\/wp-content\/uploads\/2024\/12\/crte-1-400x2.jpg 400w, https:\/\/natuzzi.hr\/editions\/wp-content\/uploads\/2024\/12\/crte-1-600x3.jpg 600w, https:\/\/natuzzi.hr\/editions\/wp-content\/uploads\/2024\/12\/crte-1.jpg 780w\" sizes=\"(max-width: 640px) 100vw, 780px\" \/><\/span><\/div><div style=\"text-align:center;\"><a class=\"fusion-button button-flat fusion-button-default-size button-custom fusion-button-default button-1 fusion-button-default-span fusion-button-default-type na-editions-datoteke-button\" style=\"--button_accent_color:var(--awb-color8);--button_accent_hover_color:var(--awb-color4);--button_border_hover_color:var(--awb-color4);--button_border_width-top:1px;--button_border_width-right:1px;--button_border_width-bottom:1px;--button_border_width-left:1px;--button_gradient_top_color:var(--awb-color1);--button_gradient_bottom_color:var(--awb-color1);--button_gradient_top_color_hover:var(--awb-color1);--button_gradient_bottom_color_hover:var(--awb-color1);--button_font_size:16px;--button_padding-top:20px;--button_padding-right:100px;--button_padding-bottom:20px;--button_padding-left:100px;--button_typography-font-family:&quot;Lato&quot;;--button_typography-font-style:normal;--button_typography-font-weight:400;\" target=\"_blank\" rel=\"noopener noreferrer\" href=\"https:\/\/natuzzi.hr\/editions\/wp-content\/uploads\/2024\/12\/caremaintenancenatuzziitalia.pdf\"><span class=\"fusion-button-text\">Datoteke<\/span><\/a><\/div><\/div><\/div><\/div><\/div>\n","protected":false},"excerpt":{"rendered":"","protected":false},"author":2,"featured_media":0,"parent":0,"menu_order":0,"comment_status":"closed","ping_status":"closed","template":"100-width.php","meta":{"_acf_changed":false,"footnotes":""},"class_list":["post-3310","page","type-page","status-publish","hentry"],"acf":[],"yoast_head":"<!-- This site is optimized with the Yoast SEO plugin v24.6 - https:\/\/yoast.com\/wordpress\/plugins\/seo\/ -->\n<title>Briga i odr\u017eavanje proizvoda - Natuzzi<\/title>\n<meta name=\"robots\" content=\"index, follow, max-snippet:-1, max-image-preview:large, max-video-preview:-1\" \/>\n<link rel=\"canonical\" href=\"https:\/\/natuzzi.hr\/editions\/briga-i-odrzavanje-proizvoda\/\" \/>\n<meta property=\"og:locale\" content=\"hr_HR\" \/>\n<meta property=\"og:type\" content=\"article\" \/>\n<meta property=\"og:title\" content=\"Briga i odr\u017eavanje proizvoda - Natuzzi\" \/>\n<meta property=\"og:url\" content=\"https:\/\/natuzzi.hr\/editions\/briga-i-odrzavanje-proizvoda\/\" \/>\n<meta property=\"og:site_name\" content=\"Natuzzi\" \/>\n<meta property=\"article:modified_time\" content=\"2025-02-14T11:09:54+00:00\" \/>\n<meta name=\"twitter:card\" content=\"summary_large_image\" \/>\n<meta name=\"twitter:label1\" content=\"Procijenjeno vrijeme \u010ditanja\" \/>\n\t<meta name=\"twitter:data1\" content=\"12 minuta\" \/>\n<script type=\"application\/ld+json\" class=\"yoast-schema-graph\">{\"@context\":\"https:\/\/schema.org\",\"@graph\":[{\"@type\":\"WebPage\",\"@id\":\"https:\/\/natuzzi.hr\/editions\/briga-i-odrzavanje-proizvoda\/\",\"url\":\"https:\/\/natuzzi.hr\/editions\/briga-i-odrzavanje-proizvoda\/\",\"name\":\"Briga i odr\u017eavanje proizvoda - Natuzzi\",\"isPartOf\":{\"@id\":\"https:\/\/natuzzi.hr\/editions\/#website\"},\"datePublished\":\"2024-12-16T13:04:33+00:00\",\"dateModified\":\"2025-02-14T11:09:54+00:00\",\"breadcrumb\":{\"@id\":\"https:\/\/natuzzi.hr\/editions\/briga-i-odrzavanje-proizvoda\/#breadcrumb\"},\"inLanguage\":\"hr\",\"potentialAction\":[{\"@type\":\"ReadAction\",\"target\":[\"https:\/\/natuzzi.hr\/editions\/briga-i-odrzavanje-proizvoda\/\"]}]},{\"@type\":\"BreadcrumbList\",\"@id\":\"https:\/\/natuzzi.hr\/editions\/briga-i-odrzavanje-proizvoda\/#breadcrumb\",\"itemListElement\":[{\"@type\":\"ListItem\",\"position\":1,\"name\":\"Po\u010detna stranica\",\"item\":\"https:\/\/natuzzi.hr\/editions\/\"},{\"@type\":\"ListItem\",\"position\":2,\"name\":\"Briga i odr\u017eavanje proizvoda\"}]},{\"@type\":\"WebSite\",\"@id\":\"https:\/\/natuzzi.hr\/editions\/#website\",\"url\":\"https:\/\/natuzzi.hr\/editions\/\",\"name\":\"Natuzzi Editions\",\"description\":\"\",\"potentialAction\":[{\"@type\":\"SearchAction\",\"target\":{\"@type\":\"EntryPoint\",\"urlTemplate\":\"https:\/\/natuzzi.hr\/editions\/?s={search_term_string}\"},\"query-input\":{\"@type\":\"PropertyValueSpecification\",\"valueRequired\":true,\"valueName\":\"search_term_string\"}}],\"inLanguage\":\"hr\"}]}<\/script>\n<!-- \/ Yoast SEO plugin. -->","yoast_head_json":{"title":"Briga i odr\u017eavanje proizvoda - Natuzzi","robots":{"index":"index","follow":"follow","max-snippet":"max-snippet:-1","max-image-preview":"max-image-preview:large","max-video-preview":"max-video-preview:-1"},"canonical":"https:\/\/natuzzi.hr\/editions\/briga-i-odrzavanje-proizvoda\/","og_locale":"hr_HR","og_type":"article","og_title":"Briga i odr\u017eavanje proizvoda - Natuzzi","og_url":"https:\/\/natuzzi.hr\/editions\/briga-i-odrzavanje-proizvoda\/","og_site_name":"Natuzzi","article_modified_time":"2025-02-14T11:09:54+00:00","twitter_card":"summary_large_image","twitter_misc":{"Procijenjeno vrijeme \u010ditanja":"12 minuta"},"schema":{"@context":"https:\/\/schema.org","@graph":[{"@type":"WebPage","@id":"https:\/\/natuzzi.hr\/editions\/briga-i-odrzavanje-proizvoda\/","url":"https:\/\/natuzzi.hr\/editions\/briga-i-odrzavanje-proizvoda\/","name":"Briga i odr\u017eavanje proizvoda - Natuzzi","isPartOf":{"@id":"https:\/\/natuzzi.hr\/editions\/#website"},"datePublished":"2024-12-16T13:04:33+00:00","dateModified":"2025-02-14T11:09:54+00:00","breadcrumb":{"@id":"https:\/\/natuzzi.hr\/editions\/briga-i-odrzavanje-proizvoda\/#breadcrumb"},"inLanguage":"hr","potentialAction":[{"@type":"ReadAction","target":["https:\/\/natuzzi.hr\/editions\/briga-i-odrzavanje-proizvoda\/"]}]},{"@type":"BreadcrumbList","@id":"https:\/\/natuzzi.hr\/editions\/briga-i-odrzavanje-proizvoda\/#breadcrumb","itemListElement":[{"@type":"ListItem","position":1,"name":"Po\u010detna stranica","item":"https:\/\/natuzzi.hr\/editions\/"},{"@type":"ListItem","position":2,"name":"Briga i odr\u017eavanje proizvoda"}]},{"@type":"WebSite","@id":"https:\/\/natuzzi.hr\/editions\/#website","url":"https:\/\/natuzzi.hr\/editions\/","name":"Natuzzi Editions","description":"","potentialAction":[{"@type":"SearchAction","target":{"@type":"EntryPoint","urlTemplate":"https:\/\/natuzzi.hr\/editions\/?s={search_term_string}"},"query-input":{"@type":"PropertyValueSpecification","valueRequired":true,"valueName":"search_term_string"}}],"inLanguage":"hr"}]}},"_links":{"self":[{"href":"https:\/\/natuzzi.hr\/editions\/wp-json\/wp\/v2\/pages\/3310","targetHints":{"allow":["GET"]}}],"collection":[{"href":"https:\/\/natuzzi.hr\/editions\/wp-json\/wp\/v2\/pages"}],"about":[{"href":"https:\/\/natuzzi.hr\/editions\/wp-json\/wp\/v2\/types\/page"}],"author":[{"embeddable":true,"href":"https:\/\/natuzzi.hr\/editions\/wp-json\/wp\/v2\/users\/2"}],"replies":[{"embeddable":true,"href":"https:\/\/natuzzi.hr\/editions\/wp-json\/wp\/v2\/comments?post=3310"}],"version-history":[{"count":8,"href":"https:\/\/natuzzi.hr\/editions\/wp-json\/wp\/v2\/pages\/3310\/revisions"}],"predecessor-version":[{"id":6063,"href":"https:\/\/natuzzi.hr\/editions\/wp-json\/wp\/v2\/pages\/3310\/revisions\/6063"}],"wp:attachment":[{"href":"https:\/\/natuzzi.hr\/editions\/wp-json\/wp\/v2\/media?parent=3310"}],"curies":[{"name":"wp","href":"https:\/\/api.w.org\/{rel}","templated":true}]}}