{"id":3322,"date":"2024-12-16T13:14:29","date_gmt":"2024-12-16T13:14:29","guid":{"rendered":"https:\/\/natuzzi.hr\/editions\/?page_id=3322"},"modified":"2025-04-03T17:16:58","modified_gmt":"2025-04-03T15:16:58","slug":"politika-online-kolacica","status":"publish","type":"page","link":"https:\/\/natuzzi.hr\/editions\/politika-online-kolacica\/","title":{"rendered":"Politika online kola\u010di\u0107a"},"content":{"rendered":"<div class=\"fusion-fullwidth fullwidth-box fusion-builder-row-1 fusion-flex-container has-pattern-background has-mask-background na-500-pink-bg-container nonhundred-percent-fullwidth non-hundred-percent-height-scrolling\" style=\"--awb-border-radius-top-left:0px;--awb-border-radius-top-right:0px;--awb-border-radius-bottom-right:0px;--awb-border-radius-bottom-left:0px;--awb-padding-top:180px;--awb-padding-top-small:60px;--awb-flex-wrap:wrap;\" ><div class=\"fusion-builder-row fusion-row fusion-flex-align-items-flex-start fusion-flex-justify-content-center fusion-flex-content-wrap\" style=\"max-width:1788.8px;margin-left: calc(-4% \/ 2 );margin-right: calc(-4% \/ 2 );\"><div class=\"fusion-layout-column fusion_builder_column fusion-builder-column-0 fusion-flex-column\" style=\"--awb-bg-size:cover;--awb-width-large:800px;--awb-margin-top-large:0px;--awb-spacing-right-large:2%;--awb-margin-bottom-large:20px;--awb-spacing-left-large:2%;--awb-width-medium:800px;--awb-order-medium:0;--awb-spacing-right-medium:2%;--awb-spacing-left-medium:2%;--awb-width-small:100%;--awb-order-small:0;--awb-spacing-right-small:1.92%;--awb-spacing-left-small:1.92%;\" data-scroll-devices=\"small-visibility,medium-visibility,large-visibility\"><div class=\"fusion-column-wrapper fusion-column-has-shadow fusion-flex-justify-content-flex-start fusion-content-layout-column\"><div class=\"fusion-title title fusion-title-1 fusion-sep-none fusion-title-text fusion-title-size-one\"><h1 class=\"fusion-title-heading title-heading-left\" style=\"margin:0;\">Politika online kola\u010di\u0107a<\/h1><\/div><div class=\"fusion-image-element \" style=\"--awb-margin-bottom:30px;--awb-caption-title-font-family:var(--h2_typography-font-family);--awb-caption-title-font-weight:var(--h2_typography-font-weight);--awb-caption-title-font-style:var(--h2_typography-font-style);--awb-caption-title-size:var(--h2_typography-font-size);--awb-caption-title-transform:var(--h2_typography-text-transform);--awb-caption-title-line-height:var(--h2_typography-line-height);--awb-caption-title-letter-spacing:var(--h2_typography-letter-spacing);\"><span class=\" fusion-imageframe imageframe-none imageframe-1 hover-type-none\"><img decoding=\"async\" width=\"781\" height=\"474\" title=\"Mask group (51)\" src=\"https:\/\/natuzzi.hr\/editions\/wp-content\/uploads\/2024\/12\/Mask-group-51.jpg\" alt class=\"img-responsive wp-image-3323\" srcset=\"https:\/\/natuzzi.hr\/editions\/wp-content\/uploads\/2024\/12\/Mask-group-51-200x121.jpg 200w, https:\/\/natuzzi.hr\/editions\/wp-content\/uploads\/2024\/12\/Mask-group-51-400x243.jpg 400w, https:\/\/natuzzi.hr\/editions\/wp-content\/uploads\/2024\/12\/Mask-group-51-600x364.jpg 600w, https:\/\/natuzzi.hr\/editions\/wp-content\/uploads\/2024\/12\/Mask-group-51.jpg 781w\" sizes=\"(max-width: 640px) 100vw, 781px\" \/><\/span><\/div><div class=\"fusion-title title fusion-title-2 fusion-sep-none fusion-title-text fusion-title-size-three\"><h3 class=\"fusion-title-heading title-heading-left\" style=\"margin:0;\">Kori\u0161tenje kola\u010di\u0107a<\/h3><\/div><div class=\"fusion-text fusion-text-1\"><p>Na web stranici koristimo kola\u010di\u0107e za pra\u0107enje prometa na web stranici s ciljem pobolj\u0161anja i lak\u0161eg pregledavanja web stranice.<\/p>\n<\/div><div class=\"fusion-image-element \" style=\"--awb-caption-title-font-family:var(--h2_typography-font-family);--awb-caption-title-font-weight:var(--h2_typography-font-weight);--awb-caption-title-font-style:var(--h2_typography-font-style);--awb-caption-title-size:var(--h2_typography-font-size);--awb-caption-title-transform:var(--h2_typography-text-transform);--awb-caption-title-line-height:var(--h2_typography-line-height);--awb-caption-title-letter-spacing:var(--h2_typography-letter-spacing);\"><span class=\" fusion-imageframe imageframe-none imageframe-2 hover-type-none\"><img decoding=\"async\" width=\"780\" height=\"4\" title=\"crte (1)\" src=\"https:\/\/natuzzi.hr\/editions\/wp-content\/uploads\/2024\/12\/crte-1.jpg\" alt class=\"img-responsive wp-image-3300\" srcset=\"https:\/\/natuzzi.hr\/editions\/wp-content\/uploads\/2024\/12\/crte-1-200x1.jpg 200w, https:\/\/natuzzi.hr\/editions\/wp-content\/uploads\/2024\/12\/crte-1-400x2.jpg 400w, https:\/\/natuzzi.hr\/editions\/wp-content\/uploads\/2024\/12\/crte-1-600x3.jpg 600w, https:\/\/natuzzi.hr\/editions\/wp-content\/uploads\/2024\/12\/crte-1.jpg 780w\" sizes=\"(max-width: 640px) 100vw, 780px\" \/><\/span><\/div><div class=\"fusion-title title fusion-title-3 fusion-sep-none fusion-title-text fusion-title-size-three\"><h3 class=\"fusion-title-heading title-heading-left\" style=\"margin:0;\">\u0160to je kola\u010di\u0107?<\/h3><\/div><div class=\"fusion-text fusion-text-2\"><p>Kola\u010di\u0107 je datoteka koja pohranjuje postavke web stranice. Preuzima se putem preglednika kada prvi put posjetite web stranicu, a sljede\u0107i put kada se vratite na stranicu s istog ra\u010dunala, tableta ili telefona, preglednik mo\u017ee provjeriti je li kola\u010di\u0107 s adresom web stranice spremljen.<br \/>\nPreglednik koristi podatke iz kola\u010di\u0107a i \u0161alje ih natrag web stranici. To omogu\u0107uje web-mjestima da prepoznaju je li korisnik ve\u0107 posjetio tu web-stranicu, au slu\u010daju naprednih aplikacija, individualne postavke tako\u0111er se mogu prilagoditi u skladu s tim.<\/p>\n<\/div><div class=\"fusion-image-element \" style=\"--awb-caption-title-font-family:var(--h2_typography-font-family);--awb-caption-title-font-weight:var(--h2_typography-font-weight);--awb-caption-title-font-style:var(--h2_typography-font-style);--awb-caption-title-size:var(--h2_typography-font-size);--awb-caption-title-transform:var(--h2_typography-text-transform);--awb-caption-title-line-height:var(--h2_typography-line-height);--awb-caption-title-letter-spacing:var(--h2_typography-letter-spacing);\"><span class=\" fusion-imageframe imageframe-none imageframe-3 hover-type-none\"><img decoding=\"async\" width=\"780\" height=\"4\" title=\"crte (1)\" src=\"https:\/\/natuzzi.hr\/editions\/wp-content\/uploads\/2024\/12\/crte-1.jpg\" alt class=\"img-responsive wp-image-3300\" srcset=\"https:\/\/natuzzi.hr\/editions\/wp-content\/uploads\/2024\/12\/crte-1-200x1.jpg 200w, https:\/\/natuzzi.hr\/editions\/wp-content\/uploads\/2024\/12\/crte-1-400x2.jpg 400w, https:\/\/natuzzi.hr\/editions\/wp-content\/uploads\/2024\/12\/crte-1-600x3.jpg 600w, https:\/\/natuzzi.hr\/editions\/wp-content\/uploads\/2024\/12\/crte-1.jpg 780w\" sizes=\"(max-width: 640px) 100vw, 780px\" \/><\/span><\/div><div class=\"fusion-title title fusion-title-4 fusion-sep-none fusion-title-text fusion-title-size-three\"><h3 class=\"fusion-title-heading title-heading-left\" style=\"margin:0;\">Prednosti kola\u010di\u0107a<\/h3><\/div><div class=\"fusion-text fusion-text-3\"><p>Kada koristite isto ra\u010dunalo (tablet ili telefon) i preglednik, kola\u010di\u0107i su vrlo korisni, jer mogu, primjerice, zapamtiti va\u0161e postavke, pomo\u0107i nam da pratimo kako koristite na\u0161e stranice i u\u010diniti prikazani sadr\u017eaj relevantnijim za va\u0161e potrebe i stil pregledavanja .<br \/>\nKola\u010di\u0107i koje koristi na\u0161a web stranica navedeni su u donjoj tablici. Vlastiti kola\u010di\u0107i su kola\u010di\u0107i koji su potrebni na\u0161oj stranici za funkcioniranje. Ovi kola\u010di\u0107i nisu namijenjeni prikupljanju va\u0161ih osobnih podataka ili bilo kojih drugih podataka koji bi se mogli koristiti za va\u0161u identifikaciju kada ponovno posjetite. Kao takvi, ne zahtijevaju va\u0161 izri\u010diti pristanak za instalaciju i instaliraju se neovisno o tome sla\u017eete li se s instalacijom kola\u010di\u0107a ili ne. Tako\u0111er instaliramo kola\u010di\u0107e za pra\u0107enje statistike prometa bez va\u0161eg izri\u010ditog pristanka. Pru\u017eatelj statisti\u010dkog pra\u0107enja je Google putem usluge Google Analytics. Podaci analitike anonimiziraju se prije slanja Googleu, a Googleovom osoblju tako\u0111er ne dopu\u0161tamo pristup podacima. Ostali kola\u010di\u0107i su kola\u010di\u0107i tre\u0107e strane. Ne instaliramo ih dok ne pristanete na njihovu instalaciju.<\/p>\n<\/div><div class=\"fusion-image-element \" style=\"--awb-caption-title-font-family:var(--h2_typography-font-family);--awb-caption-title-font-weight:var(--h2_typography-font-weight);--awb-caption-title-font-style:var(--h2_typography-font-style);--awb-caption-title-size:var(--h2_typography-font-size);--awb-caption-title-transform:var(--h2_typography-text-transform);--awb-caption-title-line-height:var(--h2_typography-line-height);--awb-caption-title-letter-spacing:var(--h2_typography-letter-spacing);\"><span class=\" fusion-imageframe imageframe-none imageframe-4 hover-type-none\"><img decoding=\"async\" width=\"780\" height=\"4\" title=\"crte (1)\" src=\"https:\/\/natuzzi.hr\/editions\/wp-content\/uploads\/2024\/12\/crte-1.jpg\" alt class=\"img-responsive wp-image-3300\" srcset=\"https:\/\/natuzzi.hr\/editions\/wp-content\/uploads\/2024\/12\/crte-1-200x1.jpg 200w, https:\/\/natuzzi.hr\/editions\/wp-content\/uploads\/2024\/12\/crte-1-400x2.jpg 400w, https:\/\/natuzzi.hr\/editions\/wp-content\/uploads\/2024\/12\/crte-1-600x3.jpg 600w, https:\/\/natuzzi.hr\/editions\/wp-content\/uploads\/2024\/12\/crte-1.jpg 780w\" sizes=\"(max-width: 640px) 100vw, 780px\" \/><\/span><\/div><div class=\"fusion-title title fusion-title-5 fusion-sep-none fusion-title-text fusion-title-size-three\"><h3 class=\"fusion-title-heading title-heading-left\" style=\"margin:0;\">Upravljanje i brisanje kola\u010di\u0107a<\/h3><\/div><div class=\"fusion-text fusion-text-4\"><p>Ako \u017eelite vidjeti va\u0161e trenutne postavke u vezi s instalacijom kola\u010di\u0107a u va\u0161em pregledniku ili ako \u017eelite promijeniti svoje postavke, kliknite\u00a0ovdje.<\/p>\n<\/div><script type=\"text\/javascript\" charset=\"UTF-8\"  data-cookiescriptreport=\"report\" src=\"\/\/report.cookie-script.com\/r\/3322ef6b956c936408be2f600074c48f.js\"><\/script><\/div><\/div><\/div><\/div>\n","protected":false},"excerpt":{"rendered":"","protected":false},"author":2,"featured_media":0,"parent":0,"menu_order":0,"comment_status":"closed","ping_status":"closed","template":"100-width.php","meta":{"_acf_changed":false,"footnotes":""},"class_list":["post-3322","page","type-page","status-publish","hentry"],"acf":[],"yoast_head":"<!-- This site is optimized with the Yoast SEO plugin v24.6 - https:\/\/yoast.com\/wordpress\/plugins\/seo\/ -->\n<title>Politika online kola\u010di\u0107a - Natuzzi<\/title>\n<meta name=\"robots\" content=\"index, follow, max-snippet:-1, max-image-preview:large, max-video-preview:-1\" \/>\n<link rel=\"canonical\" href=\"https:\/\/natuzzi.hr\/editions\/politika-online-kolacica\/\" \/>\n<meta property=\"og:locale\" content=\"hr_HR\" \/>\n<meta property=\"og:type\" content=\"article\" \/>\n<meta property=\"og:title\" content=\"Politika online kola\u010di\u0107a - Natuzzi\" \/>\n<meta property=\"og:url\" content=\"https:\/\/natuzzi.hr\/editions\/politika-online-kolacica\/\" \/>\n<meta property=\"og:site_name\" content=\"Natuzzi\" \/>\n<meta property=\"article:modified_time\" content=\"2025-04-03T15:16:58+00:00\" \/>\n<meta name=\"twitter:card\" content=\"summary_large_image\" \/>\n<meta name=\"twitter:label1\" content=\"Procijenjeno vrijeme \u010ditanja\" \/>\n\t<meta name=\"twitter:data1\" content=\"3 minute\" \/>\n<script type=\"application\/ld+json\" class=\"yoast-schema-graph\">{\"@context\":\"https:\/\/schema.org\",\"@graph\":[{\"@type\":\"WebPage\",\"@id\":\"https:\/\/natuzzi.hr\/editions\/politika-online-kolacica\/\",\"url\":\"https:\/\/natuzzi.hr\/editions\/politika-online-kolacica\/\",\"name\":\"Politika online kola\u010di\u0107a - Natuzzi\",\"isPartOf\":{\"@id\":\"https:\/\/natuzzi.hr\/editions\/#website\"},\"datePublished\":\"2024-12-16T13:14:29+00:00\",\"dateModified\":\"2025-04-03T15:16:58+00:00\",\"breadcrumb\":{\"@id\":\"https:\/\/natuzzi.hr\/editions\/politika-online-kolacica\/#breadcrumb\"},\"inLanguage\":\"hr\",\"potentialAction\":[{\"@type\":\"ReadAction\",\"target\":[\"https:\/\/natuzzi.hr\/editions\/politika-online-kolacica\/\"]}]},{\"@type\":\"BreadcrumbList\",\"@id\":\"https:\/\/natuzzi.hr\/editions\/politika-online-kolacica\/#breadcrumb\",\"itemListElement\":[{\"@type\":\"ListItem\",\"position\":1,\"name\":\"Po\u010detna stranica\",\"item\":\"https:\/\/natuzzi.hr\/editions\/\"},{\"@type\":\"ListItem\",\"position\":2,\"name\":\"Politika online kola\u010di\u0107a\"}]},{\"@type\":\"WebSite\",\"@id\":\"https:\/\/natuzzi.hr\/editions\/#website\",\"url\":\"https:\/\/natuzzi.hr\/editions\/\",\"name\":\"Natuzzi Editions\",\"description\":\"\",\"potentialAction\":[{\"@type\":\"SearchAction\",\"target\":{\"@type\":\"EntryPoint\",\"urlTemplate\":\"https:\/\/natuzzi.hr\/editions\/?s={search_term_string}\"},\"query-input\":{\"@type\":\"PropertyValueSpecification\",\"valueRequired\":true,\"valueName\":\"search_term_string\"}}],\"inLanguage\":\"hr\"}]}<\/script>\n<!-- \/ Yoast SEO plugin. -->","yoast_head_json":{"title":"Politika online kola\u010di\u0107a - Natuzzi","robots":{"index":"index","follow":"follow","max-snippet":"max-snippet:-1","max-image-preview":"max-image-preview:large","max-video-preview":"max-video-preview:-1"},"canonical":"https:\/\/natuzzi.hr\/editions\/politika-online-kolacica\/","og_locale":"hr_HR","og_type":"article","og_title":"Politika online kola\u010di\u0107a - Natuzzi","og_url":"https:\/\/natuzzi.hr\/editions\/politika-online-kolacica\/","og_site_name":"Natuzzi","article_modified_time":"2025-04-03T15:16:58+00:00","twitter_card":"summary_large_image","twitter_misc":{"Procijenjeno vrijeme \u010ditanja":"3 minute"},"schema":{"@context":"https:\/\/schema.org","@graph":[{"@type":"WebPage","@id":"https:\/\/natuzzi.hr\/editions\/politika-online-kolacica\/","url":"https:\/\/natuzzi.hr\/editions\/politika-online-kolacica\/","name":"Politika online kola\u010di\u0107a - Natuzzi","isPartOf":{"@id":"https:\/\/natuzzi.hr\/editions\/#website"},"datePublished":"2024-12-16T13:14:29+00:00","dateModified":"2025-04-03T15:16:58+00:00","breadcrumb":{"@id":"https:\/\/natuzzi.hr\/editions\/politika-online-kolacica\/#breadcrumb"},"inLanguage":"hr","potentialAction":[{"@type":"ReadAction","target":["https:\/\/natuzzi.hr\/editions\/politika-online-kolacica\/"]}]},{"@type":"BreadcrumbList","@id":"https:\/\/natuzzi.hr\/editions\/politika-online-kolacica\/#breadcrumb","itemListElement":[{"@type":"ListItem","position":1,"name":"Po\u010detna stranica","item":"https:\/\/natuzzi.hr\/editions\/"},{"@type":"ListItem","position":2,"name":"Politika online kola\u010di\u0107a"}]},{"@type":"WebSite","@id":"https:\/\/natuzzi.hr\/editions\/#website","url":"https:\/\/natuzzi.hr\/editions\/","name":"Natuzzi Editions","description":"","potentialAction":[{"@type":"SearchAction","target":{"@type":"EntryPoint","urlTemplate":"https:\/\/natuzzi.hr\/editions\/?s={search_term_string}"},"query-input":{"@type":"PropertyValueSpecification","valueRequired":true,"valueName":"search_term_string"}}],"inLanguage":"hr"}]}},"_links":{"self":[{"href":"https:\/\/natuzzi.hr\/editions\/wp-json\/wp\/v2\/pages\/3322","targetHints":{"allow":["GET"]}}],"collection":[{"href":"https:\/\/natuzzi.hr\/editions\/wp-json\/wp\/v2\/pages"}],"about":[{"href":"https:\/\/natuzzi.hr\/editions\/wp-json\/wp\/v2\/types\/page"}],"author":[{"embeddable":true,"href":"https:\/\/natuzzi.hr\/editions\/wp-json\/wp\/v2\/users\/2"}],"replies":[{"embeddable":true,"href":"https:\/\/natuzzi.hr\/editions\/wp-json\/wp\/v2\/comments?post=3322"}],"version-history":[{"count":6,"href":"https:\/\/natuzzi.hr\/editions\/wp-json\/wp\/v2\/pages\/3322\/revisions"}],"predecessor-version":[{"id":6163,"href":"https:\/\/natuzzi.hr\/editions\/wp-json\/wp\/v2\/pages\/3322\/revisions\/6163"}],"wp:attachment":[{"href":"https:\/\/natuzzi.hr\/editions\/wp-json\/wp\/v2\/media?parent=3322"}],"curies":[{"name":"wp","href":"https:\/\/api.w.org\/{rel}","templated":true}]}}