{"id":3267,"date":"2024-12-17T09:39:52","date_gmt":"2024-12-17T09:39:52","guid":{"rendered":"https:\/\/natuzzi.hr\/italia\/?page_id=3267"},"modified":"2025-02-14T09:24:36","modified_gmt":"2025-02-14T09:24:36","slug":"politika-privatnosti","status":"publish","type":"page","link":"https:\/\/natuzzi.hr\/italia\/politika-privatnosti\/","title":{"rendered":"Politika privatnosti"},"content":{"rendered":"<div class=\"fusion-fullwidth fullwidth-box fusion-builder-row-1 fusion-flex-container has-pattern-background has-mask-background na-500-pink-bg-container nonhundred-percent-fullwidth non-hundred-percent-height-scrolling\" style=\"--awb-border-radius-top-left:0px;--awb-border-radius-top-right:0px;--awb-border-radius-bottom-right:0px;--awb-border-radius-bottom-left:0px;--awb-padding-top:180px;--awb-padding-top-small:60px;--awb-flex-wrap:wrap;\" ><div class=\"fusion-builder-row fusion-row fusion-flex-align-items-flex-start fusion-flex-justify-content-center fusion-flex-content-wrap\" style=\"max-width:1788.8px;margin-left: calc(-4% \/ 2 );margin-right: calc(-4% \/ 2 );\"><div class=\"fusion-layout-column fusion_builder_column fusion-builder-column-0 fusion-flex-column\" style=\"--awb-bg-size:cover;--awb-width-large:800px;--awb-margin-top-large:0px;--awb-spacing-right-large:2%;--awb-margin-bottom-large:20px;--awb-spacing-left-large:2%;--awb-width-medium:800px;--awb-order-medium:0;--awb-spacing-right-medium:2%;--awb-spacing-left-medium:2%;--awb-width-small:100%;--awb-order-small:0;--awb-spacing-right-small:1.92%;--awb-spacing-left-small:1.92%;\" data-scroll-devices=\"small-visibility,medium-visibility,large-visibility\"><div class=\"fusion-column-wrapper fusion-column-has-shadow fusion-flex-justify-content-flex-start fusion-content-layout-column\"><div class=\"fusion-title title fusion-title-1 fusion-sep-none fusion-title-text fusion-title-size-one\"><h1 class=\"fusion-title-heading title-heading-left\" style=\"margin:0;\">Politika privatnosti<\/h1><\/div><div class=\"fusion-image-element \" style=\"--awb-margin-bottom:20px;--awb-caption-title-font-family:var(--h2_typography-font-family);--awb-caption-title-font-weight:var(--h2_typography-font-weight);--awb-caption-title-font-style:var(--h2_typography-font-style);--awb-caption-title-size:var(--h2_typography-font-size);--awb-caption-title-transform:var(--h2_typography-text-transform);--awb-caption-title-line-height:var(--h2_typography-line-height);--awb-caption-title-letter-spacing:var(--h2_typography-letter-spacing);\"><span class=\" fusion-imageframe imageframe-none imageframe-1 hover-type-none\"><img decoding=\"async\" width=\"781\" height=\"474\" title=\"Mask group (56)\" src=\"https:\/\/natuzzi.hr\/italia\/wp-content\/uploads\/2024\/12\/Mask-group-56.jpg\" alt class=\"img-responsive wp-image-3268\" srcset=\"https:\/\/natuzzi.hr\/italia\/wp-content\/uploads\/2024\/12\/Mask-group-56-200x121.jpg 200w, https:\/\/natuzzi.hr\/italia\/wp-content\/uploads\/2024\/12\/Mask-group-56-400x243.jpg 400w, https:\/\/natuzzi.hr\/italia\/wp-content\/uploads\/2024\/12\/Mask-group-56-600x364.jpg 600w, https:\/\/natuzzi.hr\/italia\/wp-content\/uploads\/2024\/12\/Mask-group-56.jpg 781w\" sizes=\"(max-width: 640px) 100vw, 781px\" \/><\/span><\/div><div class=\"fusion-title title fusion-title-2 fusion-sep-none fusion-title-text fusion-title-size-three\"><h3 class=\"fusion-title-heading title-heading-left\" style=\"margin:0;\">Politika za\u0161tite osobnih podataka<\/h3><\/div><div class=\"fusion-title title fusion-title-3 fusion-sep-none fusion-title-text fusion-title-size-four\"><h4 class=\"fusion-title-heading title-heading-left\" style=\"margin:0;\">Op\u0107enito<\/h4><\/div><div class=\"fusion-text fusion-text-1\"><p>Davatelj usluga se obvezuje da \u0107e za\u0161tititi povjerljivost osobnih podataka i privatnosti korisnika web stranice. Davatelj usluga prikupit \u0107e osobne podatke koristiti isklju\u010divo za obavljanje usluga koje nudi. Davatelj usluga po\u0161tuje povjerljivost osobnih podataka i privatnost web stranice, zato \u0107e u\u010diniti sve \u0161to je potrebno za za\u0161titu od bilo kakvih kr\u0161enja i zlouporabe. Osobni podaci korisnika jedno su od podru\u010dja kojem pru\u017eatelj usluga posve\u0107uje izuzetnu brigu i pa\u017enju, budu\u0107i da je svjetska osjetljiva priroda ovog podru\u010dja.<\/p>\n<\/div><div class=\"fusion-title title fusion-title-4 fusion-sep-none fusion-title-text fusion-title-size-four\"><h4 class=\"fusion-title-heading title-heading-left\" style=\"margin:0;\">Upotreba osobnih podataka<\/h4><\/div><div class=\"fusion-text fusion-text-2\"><p>Davatelj usluga za potrebe obavljanja usluga nudi, prikuplja, obra\u0111uje i pohranjuje sljede\u0107e podatke:<\/p>\n<ul>\n<li>ime i prezime;<\/li>\n<li>e-mail adresa;<\/li>\n<li>telefonski broj;<\/li>\n<li>druge podatke koje korisnik dragovoljno unese u obrasce na web stranicama;<\/li>\n<li>druge podatke koje korisnik dragovoljno naknadno dodaje svom profilu (ako web stranica omogu\u0107uje ovu funkcionalnost).<\/li>\n<\/ul>\n<p>Davatelj usluga ne odgovara za pravilnost, potpunost i a\u017eurnost podataka koje unose korisnici.<\/p>\n<\/div><div class=\"fusion-title title fusion-title-5 fusion-sep-none fusion-title-text fusion-title-size-four\"><h4 class=\"fusion-title-heading title-heading-left\" style=\"margin:0;\">Svrhe obrade osobnih podataka<\/h4><\/div><div class=\"fusion-text fusion-text-3\"><p>Davatelj usluga obrade osobne \u0107e podatke koristiti u sljede\u0107e svrhe:<br \/>\nZa komunikaciju s korisnicima u vezi s podnesenim potra\u017eivanjima za proizvode tj. u slu\u010daju pitanja korisnika. Davatelj usluga \u0107e u ovu svrhu pohranjivati osobne podatke onoliko dugo koliko je potrebno za komunikaciju sa strankama.\u2028Za slanje povremenih e-novosti o aktualnim doga\u0111ajima i ponudama, o promocijskoj ponudi i o drugim stvarima koje bi mogle zanimati korisnike. Davatelj usluga pohranjivanja osobne \u0107e podatke u ove svrhe samo uz eksplicitnu i nesumnjivu prethodnu suglasnost korisnika. Osobni podaci pohranjivat \u0107e opoziva, kojeg korisnik mo\u017ee provjeriti poslanim porukom na e-mail: info@natuzzi.hr.<\/p>\n<\/div><div class=\"fusion-title title fusion-title-6 fusion-sep-none fusion-title-text fusion-title-size-four\"><h4 class=\"fusion-title-heading title-heading-left\" style=\"margin:0;\">Prava korisnika<\/h4><\/div><div class=\"fusion-text fusion-text-4\"><p>Korisnik bilo kada mo\u017ee zahtijevati:\u2028Odjavu od primanja e-novosti (ukoliko ih prima) klikom na poveznicu u primljenoj e-poruci. Davatelj usluga \u0107e nakon odjave izbrisati podatke u slu\u010daju mu ovi nisu potrebni za druge svrhe s kojima je korisnik prethodno suglasio ili ih davatelj usluga pohranjuje na temelju drugih pravnih osnova.\u2028Popravka svojih osobnih podataka slanjem pisanog zahtjeva na adresu: info@natuzzi.hr.\u2028Trajno brisanje osobnih podataka koje pru\u017eatelj usluga pohranjuje i \/ ili obra\u0111uje slanjem pisanog zahtjeva na adresu: info@natuzzi.hr.\u2028Izvoz i uvid u osobne podatke koje pru\u017eatelj usluge pohrane i \/ ili obra\u0111uje slanjem pisanog zahtjeva na adresu: info@natuzzi.hr.\u2028Izjava o za\u0161titi povjerljivosti osobnih podataka i privatnosti korisnika\u2028Davatelj usluga je sukladno propisima koji reguliraju za\u0161titu osobnih podataka obvezan \u0161tititi osobne podatke korisnika njegove web stranice. Davatelj usluga ne\u0107e biti pod kakvim uvjetima bez izri\u010dite dozvole korisnika posredovati osobne ili druge podatke korisnika tre\u0107oj osobi tj. ne\u0107e omogu\u0107iti tre\u0107u osobu uvid u osobne ili druge podatke korisnika, osim:\u2028ugovorni obra\u0111iva\u010di podataka koji za voditelja provode podr\u0161ku za obradu osobnih podataka za pojedina\u010dne svrhe za koje je bila dana privola,\u2028ako bi to od njega zahtijevale dr\u017eavne vlasti, ako je ovakva obaveza odre\u0111ena zakonom, ili u dobroj vjeri da je ovakvo poduzimanje mjere potrebno za postupke pred sudovima ili drugim dr\u017eavnim organima za za\u0161titu i ostvarivanje zakonitih interesa davatelja usluga.<\/p>\n<p>Svi osobni i drugi podaci koji \u0107e korisnici dati prilikom prijave na web stranicama, kao i prilikom narud\u017ebe kupnje proizvoda, uklju\u010duju\u0107i sadr\u017eaj narud\u017ebi, bit \u0107e \u010duvani u skladu s propisima koji reguliraju za\u0161titu osobnih podataka. Davatelj usluga ne\u0107e koristiti ove podatke u svrhu koja bi mogla o\u0161tetiti korisnika ili drugu povezanu osobu, osim u svrhe za koju je korisnik prethodno eksplicitno i nedvojbeno dao privolu. Davatelj usluga ne\u0107e koristiti podatke korisnika za smanjenje promocijskih e-po\u0161te ili drugog ne\u017eeljenog promocijskog materijala, osim za slanje onih promotivnih obavijesti koje \u0107e se korisnici naru\u010diti tj. s kojima se prethodno suglasio. Davatelj usluga mo\u017ee koristiti podatke u anonimnoj sumarnoj formi za svrhe statisti\u010dke analize. Povjerljivost osobnih i drugih podataka korisnika ne\u0107e biti kr\u0161ena ni u kakvom obliku.\u2028Davatelj usluga \u0107e dostaviti uslugu (npr. DHL, UPS i sl.) Povjeriti samo podatke potrebne za dostavu kupljenih proizvoda na web stranici tj. u web trgovini (podaci o prijemniku i adresi za dostavu). Davatelj usluga putem elektroni\u010dke po\u0161te stupit \u0107e u kontakt s korisnikom ako bude potrebno za provjeru kupnje preko web stranice, a putem kontaktnog telefonskog broja.<\/p>\n<\/div><div class=\"fusion-title title fusion-title-7 fusion-sep-none fusion-title-text fusion-title-size-four\"><h4 class=\"fusion-title-heading title-heading-left\" style=\"margin:0;\">Provedba politike privatnosti<\/h4><\/div><div class=\"fusion-text fusion-text-5\"><p>Sve redovito ili honorarno zaposlene osobe kod davatelja usluga, koje imaju pristup osobnim i drugim podacima korisnika, upoznaju se s du\u017eno\u0161\u0107u za\u0161tite osobnih i drugih podataka i du\u017ene su po\u0161tovali ove odredbe o za\u0161titi povjerljivosti osobnih podataka i privatnosti korisnika web stranica (web trgovine). Du\u017enost za\u0161tite osobnih i drugih podataka vremenski je neograni\u010dena i va\u017ei i nakon prestanka odnosa s davateljem usluge.\u2028Registrirani korisnici mogu bilo kada prestati koristiti web stranicu (web trgovinu) i mogu povu\u0107i svoju registraciju. To mogu u\u010diniti tako \u0161to pisanom izjavom obavje\u0161tavaju davatelja usluga o povla\u010denju registracije. Prije davanja izjave o povla\u010denju registracije korisnika mora prema pru\u017eanju usluge izmiriti sve jo\u0161 neizmirene obavijesti sa strane obavljenih kupaca na web stranici (u web trgovini). Davatelj usluga \u0161titi povjerljivost osobnih podataka i privatnosti korisnika web trgovina u okviru ove politike privatnosti i u slu\u010daju povla\u010denja registracija.<\/p>\n<\/div><\/div><\/div><\/div><\/div>\n","protected":false},"excerpt":{"rendered":"","protected":false},"author":2,"featured_media":0,"parent":0,"menu_order":0,"comment_status":"closed","ping_status":"closed","template":"100-width.php","meta":{"_acf_changed":false,"footnotes":""},"class_list":["post-3267","page","type-page","status-publish","hentry"],"acf":[],"yoast_head":"<!-- This site is optimized with the Yoast SEO plugin v24.5 - https:\/\/yoast.com\/wordpress\/plugins\/seo\/ -->\n<title>Politika privatnosti - Natuzzi<\/title>\n<meta name=\"robots\" content=\"index, follow, max-snippet:-1, max-image-preview:large, max-video-preview:-1\" \/>\n<link rel=\"canonical\" href=\"https:\/\/natuzzi.hr\/italia\/politika-privatnosti\/\" \/>\n<meta property=\"og:locale\" content=\"hr_HR\" \/>\n<meta property=\"og:type\" content=\"article\" \/>\n<meta property=\"og:title\" content=\"Politika privatnosti - Natuzzi\" \/>\n<meta property=\"og:url\" content=\"https:\/\/natuzzi.hr\/italia\/politika-privatnosti\/\" \/>\n<meta property=\"og:site_name\" content=\"Natuzzi\" \/>\n<meta property=\"article:modified_time\" content=\"2025-02-14T09:24:36+00:00\" \/>\n<meta name=\"twitter:card\" content=\"summary_large_image\" \/>\n<meta name=\"twitter:label1\" content=\"Procijenjeno vrijeme \u010ditanja\" \/>\n\t<meta name=\"twitter:data1\" content=\"11 minuta\" \/>\n<script type=\"application\/ld+json\" class=\"yoast-schema-graph\">{\"@context\":\"https:\/\/schema.org\",\"@graph\":[{\"@type\":\"WebPage\",\"@id\":\"https:\/\/natuzzi.hr\/italia\/politika-privatnosti\/\",\"url\":\"https:\/\/natuzzi.hr\/italia\/politika-privatnosti\/\",\"name\":\"Politika privatnosti - Natuzzi\",\"isPartOf\":{\"@id\":\"https:\/\/natuzzi.hr\/italia\/#website\"},\"datePublished\":\"2024-12-17T09:39:52+00:00\",\"dateModified\":\"2025-02-14T09:24:36+00:00\",\"breadcrumb\":{\"@id\":\"https:\/\/natuzzi.hr\/italia\/politika-privatnosti\/#breadcrumb\"},\"inLanguage\":\"hr\",\"potentialAction\":[{\"@type\":\"ReadAction\",\"target\":[\"https:\/\/natuzzi.hr\/italia\/politika-privatnosti\/\"]}]},{\"@type\":\"BreadcrumbList\",\"@id\":\"https:\/\/natuzzi.hr\/italia\/politika-privatnosti\/#breadcrumb\",\"itemListElement\":[{\"@type\":\"ListItem\",\"position\":1,\"name\":\"Po\u010detna stranica\",\"item\":\"https:\/\/natuzzi.hr\/italia\/\"},{\"@type\":\"ListItem\",\"position\":2,\"name\":\"Politika privatnosti\"}]},{\"@type\":\"WebSite\",\"@id\":\"https:\/\/natuzzi.hr\/italia\/#website\",\"url\":\"https:\/\/natuzzi.hr\/italia\/\",\"name\":\"Natuzzi\",\"description\":\"\",\"potentialAction\":[{\"@type\":\"SearchAction\",\"target\":{\"@type\":\"EntryPoint\",\"urlTemplate\":\"https:\/\/natuzzi.hr\/italia\/?s={search_term_string}\"},\"query-input\":{\"@type\":\"PropertyValueSpecification\",\"valueRequired\":true,\"valueName\":\"search_term_string\"}}],\"inLanguage\":\"hr\"}]}<\/script>\n<!-- \/ Yoast SEO plugin. -->","yoast_head_json":{"title":"Politika privatnosti - Natuzzi","robots":{"index":"index","follow":"follow","max-snippet":"max-snippet:-1","max-image-preview":"max-image-preview:large","max-video-preview":"max-video-preview:-1"},"canonical":"https:\/\/natuzzi.hr\/italia\/politika-privatnosti\/","og_locale":"hr_HR","og_type":"article","og_title":"Politika privatnosti - Natuzzi","og_url":"https:\/\/natuzzi.hr\/italia\/politika-privatnosti\/","og_site_name":"Natuzzi","article_modified_time":"2025-02-14T09:24:36+00:00","twitter_card":"summary_large_image","twitter_misc":{"Procijenjeno vrijeme \u010ditanja":"11 minuta"},"schema":{"@context":"https:\/\/schema.org","@graph":[{"@type":"WebPage","@id":"https:\/\/natuzzi.hr\/italia\/politika-privatnosti\/","url":"https:\/\/natuzzi.hr\/italia\/politika-privatnosti\/","name":"Politika privatnosti - Natuzzi","isPartOf":{"@id":"https:\/\/natuzzi.hr\/italia\/#website"},"datePublished":"2024-12-17T09:39:52+00:00","dateModified":"2025-02-14T09:24:36+00:00","breadcrumb":{"@id":"https:\/\/natuzzi.hr\/italia\/politika-privatnosti\/#breadcrumb"},"inLanguage":"hr","potentialAction":[{"@type":"ReadAction","target":["https:\/\/natuzzi.hr\/italia\/politika-privatnosti\/"]}]},{"@type":"BreadcrumbList","@id":"https:\/\/natuzzi.hr\/italia\/politika-privatnosti\/#breadcrumb","itemListElement":[{"@type":"ListItem","position":1,"name":"Po\u010detna stranica","item":"https:\/\/natuzzi.hr\/italia\/"},{"@type":"ListItem","position":2,"name":"Politika privatnosti"}]},{"@type":"WebSite","@id":"https:\/\/natuzzi.hr\/italia\/#website","url":"https:\/\/natuzzi.hr\/italia\/","name":"Natuzzi","description":"","potentialAction":[{"@type":"SearchAction","target":{"@type":"EntryPoint","urlTemplate":"https:\/\/natuzzi.hr\/italia\/?s={search_term_string}"},"query-input":{"@type":"PropertyValueSpecification","valueRequired":true,"valueName":"search_term_string"}}],"inLanguage":"hr"}]}},"_links":{"self":[{"href":"https:\/\/natuzzi.hr\/italia\/wp-json\/wp\/v2\/pages\/3267","targetHints":{"allow":["GET"]}}],"collection":[{"href":"https:\/\/natuzzi.hr\/italia\/wp-json\/wp\/v2\/pages"}],"about":[{"href":"https:\/\/natuzzi.hr\/italia\/wp-json\/wp\/v2\/types\/page"}],"author":[{"embeddable":true,"href":"https:\/\/natuzzi.hr\/italia\/wp-json\/wp\/v2\/users\/2"}],"replies":[{"embeddable":true,"href":"https:\/\/natuzzi.hr\/italia\/wp-json\/wp\/v2\/comments?post=3267"}],"version-history":[{"count":3,"href":"https:\/\/natuzzi.hr\/italia\/wp-json\/wp\/v2\/pages\/3267\/revisions"}],"predecessor-version":[{"id":6671,"href":"https:\/\/natuzzi.hr\/italia\/wp-json\/wp\/v2\/pages\/3267\/revisions\/6671"}],"wp:attachment":[{"href":"https:\/\/natuzzi.hr\/italia\/wp-json\/wp\/v2\/media?parent=3267"}],"curies":[{"name":"wp","href":"https:\/\/api.w.org\/{rel}","templated":true}]}}